{"id":909,"date":"2025-02-27T23:43:39","date_gmt":"2025-02-27T22:43:39","guid":{"rendered":"https:\/\/brennts.de\/web\/?page_id=909"},"modified":"2025-06-26T19:45:10","modified_gmt":"2025-06-26T17:45:10","slug":"holzmannbernd_uxdesigner_webdesigner_mediendesigner","status":"publish","type":"page","link":"http:\/\/brennts.de\/web\/holzmannbernd_uxdesigner_webdesigner_mediendesigner\/","title":{"rendered":"\u00dcber Mich"},"content":{"rendered":"\t\t<div data-elementor-type=\"wp-page\" data-elementor-id=\"909\" class=\"elementor elementor-909\">\n\t\t\t\t<div class=\"elementor-element elementor-element-2857b79 e-flex e-con-boxed e-con e-parent\" data-id=\"2857b79\" data-element_type=\"container\" id=\"about\" data-settings=\"{&quot;background_background&quot;:&quot;classic&quot;}\">\n\t\t\t\t\t<div class=\"e-con-inner\">\n\t\t<div class=\"elementor-element elementor-element-7add91d e-con-full e-flex e-con e-child\" data-id=\"7add91d\" data-element_type=\"container\">\n\t\t\t\t<\/div>\n\t\t<div class=\"elementor-element elementor-element-278c5e8 e-con-full e-flex e-con e-child\" data-id=\"278c5e8\" data-element_type=\"container\">\n\t\t\t\t<div class=\"elementor-element elementor-element-46451e3 elementor-widget elementor-widget-heading\" data-id=\"46451e3\" data-element_type=\"widget\" data-widget_type=\"heading.default\">\n\t\t\t\t<div class=\"elementor-widget-container\">\n\t\t\t\t\t<span class=\"elementor-heading-title elementor-size-default\">UX-Designer &amp;<\/br>Mediengestalter<\/span>\t\t\t\t<\/div>\n\t\t\t\t<\/div>\n\t\t\t\t<\/div>\n\t\t\t\t\t<\/div>\n\t\t\t\t<\/div>\n\t\t<div class=\"elementor-element elementor-element-c3450e4 e-flex e-con-boxed e-con e-parent\" data-id=\"c3450e4\" data-element_type=\"container\">\n\t\t\t\t\t<div class=\"e-con-inner\">\n\t\t<div class=\"elementor-element elementor-element-0bb756a e-con-full e-flex e-con e-child\" data-id=\"0bb756a\" data-element_type=\"container\">\n\t\t\t\t<\/div>\n\t\t<div class=\"elementor-element elementor-element-8f2a703 e-con-full e-flex e-con e-child\" data-id=\"8f2a703\" data-element_type=\"container\">\n\t\t<div class=\"elementor-element elementor-element-b38c531 e-con-full e-flex e-con e-child\" data-id=\"b38c531\" data-element_type=\"container\">\n\t\t<div class=\"elementor-element elementor-element-a1ea9af e-con-full e-flex e-con e-child\" data-id=\"a1ea9af\" data-element_type=\"container\">\n\t\t\t\t<div class=\"elementor-element elementor-element-72b3da4 elementor-widget elementor-widget-heading\" data-id=\"72b3da4\" data-element_type=\"widget\" data-widget_type=\"heading.default\">\n\t\t\t\t<div class=\"elementor-widget-container\">\n\t\t\t\t\t<span class=\"elementor-heading-title elementor-size-default\">Holzmann\nBernd<\/span>\t\t\t\t<\/div>\n\t\t\t\t<\/div>\n\t\t\t\t<div class=\"elementor-element elementor-element-8409840 elementor-widget elementor-widget-text-editor\" data-id=\"8409840\" data-element_type=\"widget\" data-widget_type=\"text-editor.default\">\n\t\t\t\t<div class=\"elementor-widget-container\">\n\t\t\t\t\t\t\t\t\t<p>UNTEREGG BEI MINDELHEIM, <em>ALLG\u00c4U<\/em><\/p>\t\t\t\t\t\t\t\t<\/div>\n\t\t\t\t<\/div>\n\t\t\t\t<\/div>\n\t\t<div class=\"elementor-element elementor-element-8ab4676 e-con-full e-flex e-con e-child\" data-id=\"8ab4676\" data-element_type=\"container\">\n\t\t\t\t<div class=\"elementor-element elementor-element-929f657 elementor-widget elementor-widget-image\" data-id=\"929f657\" data-element_type=\"widget\" data-widget_type=\"image.default\">\n\t\t\t\t<div class=\"elementor-widget-container\">\n\t\t\t\t\t\t\t\t\t\t\t\t\t\t\t<img fetchpriority=\"high\" decoding=\"async\" width=\"2560\" height=\"1707\" src=\"http:\/\/brennts.de\/web\/wp-content\/uploads\/2023\/11\/B_Holzmann-fuerLUTZENBERGER-scaled.jpg\" class=\"attachment-full size-full wp-image-147\" alt=\"\" srcset=\"http:\/\/brennts.de\/web\/wp-content\/uploads\/2023\/11\/B_Holzmann-fuerLUTZENBERGER-scaled.jpg 2560w, http:\/\/brennts.de\/web\/wp-content\/uploads\/2023\/11\/B_Holzmann-fuerLUTZENBERGER-300x200.jpg 300w, http:\/\/brennts.de\/web\/wp-content\/uploads\/2023\/11\/B_Holzmann-fuerLUTZENBERGER-1024x683.jpg 1024w, http:\/\/brennts.de\/web\/wp-content\/uploads\/2023\/11\/B_Holzmann-fuerLUTZENBERGER-768x512.jpg 768w, http:\/\/brennts.de\/web\/wp-content\/uploads\/2023\/11\/B_Holzmann-fuerLUTZENBERGER-1536x1024.jpg 1536w, http:\/\/brennts.de\/web\/wp-content\/uploads\/2023\/11\/B_Holzmann-fuerLUTZENBERGER-2048x1365.jpg 2048w\" sizes=\"(max-width: 2560px) 100vw, 2560px\" \/>\t\t\t\t\t\t\t\t\t\t\t\t\t\t\t<\/div>\n\t\t\t\t<\/div>\n\t\t\t\t<\/div>\n\t\t\t\t<\/div>\n\t\t\t\t<div class=\"elementor-element elementor-element-0ad457a elementor-widget elementor-widget-text-editor\" data-id=\"0ad457a\" data-element_type=\"widget\" data-widget_type=\"text-editor.default\">\n\t\t\t\t<div class=\"elementor-widget-container\">\n\t\t\t\t\t\t\t\t\t<p><strong data-start=\"242\" data-end=\"292\">Von Print zu Pixels \u2013 meine Reise als Designer<\/strong><\/p><p data-start=\"245\" data-end=\"523\">Gutes Design bringt Ideen zum Leben \u2013 und genau das fasziniert mich seit \u00fcber 20 Jahren.<br \/>Mein Weg begann im Printdesign: Logos, Branding, visuelle Identit\u00e4t. Doch Design ist mehr als \u00c4sthetik \u2013 es geht darum, klare Botschaften zu vermitteln und echte Verbindungen zu schaffen.<\/p><p data-start=\"525\" data-end=\"786\">Als Freelancer im Webdesign erkannte ich, dass digitale Erlebnisse mehr brauchen als gutes Aussehen. Ich vertiefte mich in UX\/UI-Design, entwickelte Strategien, optimierte Strukturen und half Unternehmen, ihre digitale Pr\u00e4senz nutzerfreundlicher zu gestalten.<\/p><p data-start=\"788\" data-end=\"1027\">Heute verbinde ich Strategie mit Kreativit\u00e4t, damit digitale Produkte nicht nur funktionieren, sondern begeistern. Meine Kunden profitieren von klaren, effizienten L\u00f6sungen, die Nutzer intuitiv verstehen \u2013 und Marken langfristig st\u00e4rken.<\/p><p data-start=\"1029\" data-end=\"1247\">Doch Design ist f\u00fcr mich mehr als Beruf \u2013 es ist pure Leidenschaft. Mit meinem Herzensprojekt <a href=\"http:\/\/hase-rudy.de\/\" target=\"&quot;_blank\"><em data-start=\"26\" data-end=\"51\">Hase Rudy will ans Meer<\/em> <\/a>erf\u00fcllte ich meinen Kids und mir den Traum, eine eigene Geschichte zu erschaffen und sie mit einzigartigen Bildern als Buch zum Leben zu erwecken.<\/p><p>Gestaltung bedeutet f\u00fcr mich mehr als nur Design.<br \/>Es geht darum, Erlebnisse zu schaffen, die inspirieren. Und bleiben.<\/p><hr data-start=\"1648\" data-end=\"1651\" \/>\t\t\t\t\t\t\t\t<\/div>\n\t\t\t\t<\/div>\n\t\t<div class=\"elementor-element elementor-element-6e5966d e-con-full e-flex e-con e-child\" data-id=\"6e5966d\" data-element_type=\"container\">\n\t\t<div class=\"elementor-element elementor-element-e93227b e-con-full e-flex e-con e-child\" data-id=\"e93227b\" data-element_type=\"container\">\n\t\t\t\t<div class=\"elementor-element elementor-element-a96c115 elementor-widget elementor-widget-text-editor\" data-id=\"a96c115\" data-element_type=\"widget\" data-widget_type=\"text-editor.default\">\n\t\t\t\t<div class=\"elementor-widget-container\">\n\t\t\t\t\t\t\t\t\t<p><strong>Meine St\u00e4rken f\u00fcr euren Erfolg:<\/strong><\/p><p><strong>UX\/UI-Design &amp; Prototyping:<\/strong><br \/>Figma\u2028 (Wireframing, Prototyping, Design Systems)<br \/>Adobe Creative Suite \u2028(Photoshop, Illustrator, XD, InDesign)<br \/>UX Research\u2028 (Interviews, Umfragen, Heuristiken, Tests)<br \/>Barrierefreies &amp; emotionales Design<\/p><p><strong>Web-Technologien &amp; Entwicklung:<\/strong><br \/>HTML, CSS, WordPress, Responsive Design<br \/>SEO &amp; Content-Strategie<br \/>Konzeption &amp; Informationsarchitektur<\/p><p><strong>Agiles Arbeiten &amp; Projektmanagement:<\/strong><br \/>Lean &amp; Agile UX-Methoden<br \/>Dokumentation &amp; Pr\u00e4sentation<br \/>Teamf\u00fchrung &amp; Kommunikation<\/p>\t\t\t\t\t\t\t\t<\/div>\n\t\t\t\t<\/div>\n\t\t<div class=\"elementor-element elementor-element-034893e e-con-full e-flex e-con e-child\" data-id=\"034893e\" data-element_type=\"container\">\n\t\t<div class=\"elementor-element elementor-element-d3e86e5 e-con-full e-flex e-con e-child\" data-id=\"d3e86e5\" data-element_type=\"container\" data-settings=\"{&quot;background_background&quot;:&quot;classic&quot;}\">\n\t\t\t\t<div class=\"elementor-element elementor-element-f66b475 elementor-align-left elementor-widget elementor-widget-button\" data-id=\"f66b475\" data-element_type=\"widget\" data-widget_type=\"button.default\">\n\t\t\t\t<div class=\"elementor-widget-container\">\n\t\t\t\t\t\t\t\t\t<div class=\"elementor-button-wrapper\">\n\t\t\t\t\t<a class=\"elementor-button elementor-button-link elementor-size-sm\" href=\"https:\/\/www.linkedin.com\/in\/bernd-holzmann-644b48242\/\" target=\"_blank\">\n\t\t\t\t\t\t<span class=\"elementor-button-content-wrapper\">\n\t\t\t\t\t\t\t\t\t<span class=\"elementor-button-text\">LinkedIn Profil<\/span>\n\t\t\t\t\t<\/span>\n\t\t\t\t\t<\/a>\n\t\t\t\t<\/div>\n\t\t\t\t\t\t\t\t<\/div>\n\t\t\t\t<\/div>\n\t\t\t\t<div class=\"elementor-element elementor-element-3d31433 elementor-align-right elementor-widget elementor-widget-button\" data-id=\"3d31433\" data-element_type=\"widget\" data-widget_type=\"button.default\">\n\t\t\t\t<div class=\"elementor-widget-container\">\n\t\t\t\t\t\t\t\t\t<div class=\"elementor-button-wrapper\">\n\t\t\t\t\t<a class=\"elementor-button elementor-button-link elementor-size-sm\" href=\"http:\/\/brennts.de\/web\/wp-content\/uploads\/2025\/03\/HolzmannBernd_designer.vcf\" target=\"_blank\">\n\t\t\t\t\t\t<span class=\"elementor-button-content-wrapper\">\n\t\t\t\t\t\t\t\t\t<span class=\"elementor-button-text\">Kontaktdaten<\/br>herunterladen<\/span>\n\t\t\t\t\t<\/span>\n\t\t\t\t\t<\/a>\n\t\t\t\t<\/div>\n\t\t\t\t\t\t\t\t<\/div>\n\t\t\t\t<\/div>\n\t\t\t\t<\/div>\n\t\t\t\t<\/div>\n\t\t\t\t<\/div>\n\t\t\t\t<\/div>\n\t\t<div class=\"elementor-element elementor-element-c4f4c6f e-con-full e-flex e-con e-child\" data-id=\"c4f4c6f\" data-element_type=\"container\">\n\t\t\t\t<div class=\"elementor-element elementor-element-5e8fb80 elementor-widget elementor-widget-button\" data-id=\"5e8fb80\" data-element_type=\"widget\" data-widget_type=\"button.default\">\n\t\t\t\t<div class=\"elementor-widget-container\">\n\t\t\t\t\t\t\t\t\t<div class=\"elementor-button-wrapper\">\n\t\t\t\t\t<a class=\"elementor-button elementor-button-link elementor-size-sm\" href=\"https:\/\/brennts.de\/web\/\">\n\t\t\t\t\t\t<span class=\"elementor-button-content-wrapper\">\n\t\t\t\t\t\t\t\t\t<span class=\"elementor-button-text\">Wie kann ich dich und dein Business unterst\u00fctzen?<\/span>\n\t\t\t\t\t<\/span>\n\t\t\t\t\t<\/a>\n\t\t\t\t<\/div>\n\t\t\t\t\t\t\t\t<\/div>\n\t\t\t\t<\/div>\n\t\t\t\t<\/div>\n\t\t\t\t<\/div>\n\t\t\t\t\t<\/div>\n\t\t\t\t<\/div>\n\t\t<div class=\"elementor-element elementor-element-70d155c e-flex e-con-boxed e-con e-parent\" data-id=\"70d155c\" data-element_type=\"container\" data-settings=\"{&quot;background_background&quot;:&quot;classic&quot;}\">\n\t\t\t\t\t<div class=\"e-con-inner\">\n\t\t<div class=\"elementor-element elementor-element-fc4c458 e-con-full e-flex e-con e-child\" data-id=\"fc4c458\" data-element_type=\"container\">\n\t\t\t\t<div class=\"elementor-element elementor-element-b2cd54c elementor-widget elementor-widget-heading\" data-id=\"b2cd54c\" data-element_type=\"widget\" data-widget_type=\"heading.default\">\n\t\t\t\t<div class=\"elementor-widget-container\">\n\t\t\t\t\t<h1 class=\"elementor-heading-title elementor-size-default\">Direkt texten: Kurznachricht an Bernd.<\/h1>\t\t\t\t<\/div>\n\t\t\t\t<\/div>\n\t\t\t\t<\/div>\n\t\t<div class=\"elementor-element elementor-element-ee83a55 e-con-full e-flex e-con e-child\" data-id=\"ee83a55\" data-element_type=\"container\">\n\t\t\t\t<div class=\"elementor-element elementor-element-95a3872 elementor-widget elementor-widget-wpforms\" data-id=\"95a3872\" data-element_type=\"widget\" data-widget_type=\"wpforms.default\">\n\t\t\t\t<div class=\"elementor-widget-container\">\n\t\t\t\t\t<div class=\"wpforms-container \" id=\"wpforms-411\"><form id=\"wpforms-form-411\" class=\"wpforms-validate wpforms-form wpforms-ajax-form\" data-formid=\"411\" method=\"post\" enctype=\"multipart\/form-data\" action=\"\/web\/wp-json\/wp\/v2\/pages\/909\" data-token=\"6ab8f111743e01a9320f7d49e82a863c\" data-token-time=\"1776960917\"><noscript class=\"wpforms-error-noscript\">Bitte aktiviere JavaScript in deinem Browser, um dieses Formular fertigzustellen.<\/noscript><div class=\"wpforms-field-container\"><div id=\"wpforms-411-field_0-container\" class=\"wpforms-field wpforms-field-name\" data-field-id=\"0\"><label class=\"wpforms-field-label wpforms-label-hide\" for=\"wpforms-411-field_0\">Name <span class=\"wpforms-required-label\">*<\/span><\/label><input type=\"text\" id=\"wpforms-411-field_0\" class=\"wpforms-field-large wpforms-field-required\" name=\"wpforms[fields][0]\" placeholder=\"Vor- und Nachname*\" required><\/div><div id=\"wpforms-411-field_1-container\" class=\"wpforms-field wpforms-field-email\" data-field-id=\"1\"><label class=\"wpforms-field-label wpforms-label-hide\" for=\"wpforms-411-field_1\">Email <span class=\"wpforms-required-label\">*<\/span><\/label><input type=\"email\" id=\"wpforms-411-field_1\" class=\"wpforms-field-large wpforms-field-required\" name=\"wpforms[fields][1]\" placeholder=\"E-Mail Adresse*\" spellcheck=\"false\" required><\/div><div id=\"wpforms-411-field_2-container\" class=\"wpforms-field wpforms-field-textarea\" data-field-id=\"2\"><label class=\"wpforms-field-label wpforms-label-hide\" for=\"wpforms-411-field_2\">Nachricht <span class=\"wpforms-required-label\">*<\/span><\/label><textarea id=\"wpforms-411-field_2\" class=\"wpforms-field-medium wpforms-field-required\" name=\"wpforms[fields][2]\" placeholder=\"Deine Nachricht\" required><\/textarea><\/div><\/div><!-- .wpforms-field-container --><div class=\"wpforms-submit-container\" ><input type=\"hidden\" name=\"wpforms[id]\" value=\"411\"><input type=\"hidden\" name=\"page_title\" value=\"\"><input type=\"hidden\" name=\"page_url\" value=\"http:\/\/brennts.de\/web\/wp-json\/wp\/v2\/pages\/909\"><button type=\"submit\" name=\"wpforms[submit]\" id=\"wpforms-submit-411\" class=\"wpforms-submit\" data-alt-text=\"Ab daf\u00fcr...\" data-submit-text=\"Los geht&#039;s!\" aria-live=\"assertive\" value=\"wpforms-submit\">Los geht&#039;s!<\/button><img decoding=\"async\" src=\"http:\/\/brennts.de\/web\/wp-content\/plugins\/wpforms-lite\/assets\/images\/submit-spin.svg\" class=\"wpforms-submit-spinner\" style=\"display: none;\" width=\"26\" height=\"26\" alt=\"Wird geladen\"><\/div><\/form><\/div>  <!-- .wpforms-container -->\t\t\t\t<\/div>\n\t\t\t\t<\/div>\n\t\t\t\t<\/div>\n\t\t\t\t\t<\/div>\n\t\t\t\t<\/div>\n\t\t<div class=\"elementor-element elementor-element-27a5c2d e-flex e-con-boxed e-con e-parent\" data-id=\"27a5c2d\" data-element_type=\"container\" data-settings=\"{&quot;background_background&quot;:&quot;classic&quot;}\">\n\t\t\t\t\t<div class=\"e-con-inner\">\n\t\t<div class=\"elementor-element elementor-element-637f694 e-con-full e-flex e-con e-child\" data-id=\"637f694\" data-element_type=\"container\">\n\t\t<div class=\"elementor-element elementor-element-02dcbe4 e-con-full e-flex e-con e-child\" data-id=\"02dcbe4\" data-element_type=\"container\">\n\t\t\t\t<div class=\"elementor-element elementor-element-e7c30c2 elementor-widget__width-auto elementor-widget elementor-widget-heading\" data-id=\"e7c30c2\" data-element_type=\"widget\" data-widget_type=\"heading.default\">\n\t\t\t\t<div class=\"elementor-widget-container\">\n\t\t\t\t\t<h2 class=\"elementor-heading-title elementor-size-default\"><a href=\"mailto:holzmannbernd@brennts.de\">MAIL<\/a><\/h2>\t\t\t\t<\/div>\n\t\t\t\t<\/div>\n\t\t\t\t<\/div>\n\t\t<div class=\"elementor-element elementor-element-d024eab e-con-full e-flex e-con e-child\" data-id=\"d024eab\" data-element_type=\"container\">\n\t\t\t\t<div class=\"elementor-element elementor-element-614262a elementor-widget__width-auto elementor-widget elementor-widget-heading\" data-id=\"614262a\" data-element_type=\"widget\" data-widget_type=\"heading.default\">\n\t\t\t\t<div class=\"elementor-widget-container\">\n\t\t\t\t\t<h2 class=\"elementor-heading-title elementor-size-default\"><a href=\"tel:+4917678640040\">FON<\/a><\/h2>\t\t\t\t<\/div>\n\t\t\t\t<\/div>\n\t\t\t\t<\/div>\n\t\t<div class=\"elementor-element elementor-element-8efb2fa e-con-full e-flex e-con e-child\" data-id=\"8efb2fa\" data-element_type=\"container\">\n\t\t\t\t<div class=\"elementor-element elementor-element-a7ae0a7 elementor-widget__width-auto elementor-widget elementor-widget-heading\" data-id=\"a7ae0a7\" data-element_type=\"widget\" data-widget_type=\"heading.default\">\n\t\t\t\t<div class=\"elementor-widget-container\">\n\t\t\t\t\t<h2 class=\"elementor-heading-title elementor-size-default\"><a href=\"http:\/\/web.whatsapp.com\/\">WHATSAPP<\/a><\/h2>\t\t\t\t<\/div>\n\t\t\t\t<\/div>\n\t\t\t\t<\/div>\n\t\t\t\t<\/div>\n\t\t\t\t\t<\/div>\n\t\t\t\t<\/div>\n\t\t\t\t<\/div>\n\t\t","protected":false},"excerpt":{"rendered":"<p>UX-Designer &amp;Mediengestalter Holzmann Bernd UNTEREGG BEI MINDELHEIM, ALLG\u00c4U Von Print zu Pixels \u2013 meine Reise als Designer Gutes Design bringt Ideen zum Leben \u2013 und genau das fasziniert mich seit \u00fcber 20 Jahren.Mein Weg begann im Printdesign: Logos, Branding, visuelle Identit\u00e4t. Doch Design ist mehr als \u00c4sthetik \u2013 es geht darum, klare Botschaften zu vermitteln [&hellip;]<\/p>\n","protected":false},"author":1,"featured_media":0,"parent":0,"menu_order":0,"comment_status":"closed","ping_status":"closed","template":"","meta":{"site-sidebar-layout":"no-sidebar","site-content-layout":"page-builder","ast-site-content-layout":"","site-content-style":"default","site-sidebar-style":"default","ast-global-header-display":"","ast-banner-title-visibility":"","ast-main-header-display":"","ast-hfb-above-header-display":"","ast-hfb-below-header-display":"","ast-hfb-mobile-header-display":"","site-post-title":"disabled","ast-breadcrumbs-content":"","ast-featured-img":"disabled","footer-sml-layout":"","theme-transparent-header-meta":"enabled","adv-header-id-meta":"","stick-header-meta":"","header-above-stick-meta":"","header-main-stick-meta":"","header-below-stick-meta":"","astra-migrate-meta-layouts":"default","ast-page-background-enabled":"default","ast-page-background-meta":{"desktop":{"background-color":"var(--ast-global-color-4)","background-image":"","background-repeat":"repeat","background-position":"center center","background-size":"auto","background-attachment":"scroll","background-type":"","background-media":"","overlay-type":"","overlay-color":"","overlay-opacity":"","overlay-gradient":""},"tablet":{"background-color":"","background-image":"","background-repeat":"repeat","background-position":"center center","background-size":"auto","background-attachment":"scroll","background-type":"","background-media":"","overlay-type":"","overlay-color":"","overlay-opacity":"","overlay-gradient":""},"mobile":{"background-color":"","background-image":"","background-repeat":"repeat","background-position":"center center","background-size":"auto","background-attachment":"scroll","background-type":"","background-media":"","overlay-type":"","overlay-color":"","overlay-opacity":"","overlay-gradient":""}},"ast-content-background-meta":{"desktop":{"background-color":"var(--ast-global-color-5)","background-image":"","background-repeat":"repeat","background-position":"center center","background-size":"auto","background-attachment":"scroll","background-type":"","background-media":"","overlay-type":"","overlay-color":"","overlay-opacity":"","overlay-gradient":""},"tablet":{"background-color":"var(--ast-global-color-5)","background-image":"","background-repeat":"repeat","background-position":"center center","background-size":"auto","background-attachment":"scroll","background-type":"","background-media":"","overlay-type":"","overlay-color":"","overlay-opacity":"","overlay-gradient":""},"mobile":{"background-color":"var(--ast-global-color-5)","background-image":"","background-repeat":"repeat","background-position":"center center","background-size":"auto","background-attachment":"scroll","background-type":"","background-media":"","overlay-type":"","overlay-color":"","overlay-opacity":"","overlay-gradient":""}},"footnotes":""},"class_list":["post-909","page","type-page","status-publish","hentry"],"_links":{"self":[{"href":"http:\/\/brennts.de\/web\/wp-json\/wp\/v2\/pages\/909","targetHints":{"allow":["GET"]}}],"collection":[{"href":"http:\/\/brennts.de\/web\/wp-json\/wp\/v2\/pages"}],"about":[{"href":"http:\/\/brennts.de\/web\/wp-json\/wp\/v2\/types\/page"}],"author":[{"embeddable":true,"href":"http:\/\/brennts.de\/web\/wp-json\/wp\/v2\/users\/1"}],"replies":[{"embeddable":true,"href":"http:\/\/brennts.de\/web\/wp-json\/wp\/v2\/comments?post=909"}],"version-history":[{"count":94,"href":"http:\/\/brennts.de\/web\/wp-json\/wp\/v2\/pages\/909\/revisions"}],"predecessor-version":[{"id":1167,"href":"http:\/\/brennts.de\/web\/wp-json\/wp\/v2\/pages\/909\/revisions\/1167"}],"wp:attachment":[{"href":"http:\/\/brennts.de\/web\/wp-json\/wp\/v2\/media?parent=909"}],"curies":[{"name":"wp","href":"https:\/\/api.w.org\/{rel}","templated":true}]}}